{"id":8084,"date":"2019-10-09T08:34:21","date_gmt":"2019-10-09T08:34:21","guid":{"rendered":"http:\/\/bythebakery.se\/?page_id=8084"},"modified":"2021-03-09T09:58:57","modified_gmt":"2021-03-09T09:58:57","slug":"kostavvikelser","status":"publish","type":"page","link":"https:\/\/bythebakery.se\/index.php\/kostavvikelser\/","title":{"rendered":"Kostavvikelser"},"content":{"rendered":"<p>[vc_section][vc_row][vc_column][vc_column_text]Nedan finner du en lista \u00f6ver v\u00e5ra produkter med avvikelser!<\/p>\n<p>Observera att om ni \u00f6nskar att avvikelser packas och m\u00e4rks upp separat, s\u00e5 b\u00f6r ni informera oss i kommentarsf\u00e4ltet.<\/p>\n<p>Samtliga frallor och br\u00f6d, f\u00f6rutom <span style=\"text-decoration: underline;\">valn\u00f6tsbr\u00f6det<\/span> \u00e4r<strong> n\u00f6tfritt<\/strong>.[\/vc_column_text][\/vc_column][\/vc_row][vc_row][vc_column][vc_tta_accordion spacing=&#8221;3&#8243; gap=&#8221;2&#8243; active_section=&#8221;0&#8243; collapsible_all=&#8221;true&#8221;][vc_tta_section title=&#8221;Ej tillsatt GLUTEN&#8221; tab_id=&#8221;1570612877418-498bb712-656b&#8221;][vc_row_inner][vc_column_inner el_class=&#8221;.glutenfritt&#8221;][vc_column_text css_animation=&#8221;none&#8221; el_class=&#8221;.glutenfritt&#8221;]<\/p>\n<ul>\n<li>Biskvier<\/li>\n<li>N\u00f6ttopp<\/li>\n<li>Kokostopp<\/li>\n<li>Glutenfri kanelbulle<\/li>\n<li>Rawbar<\/li>\n<li>Hasseln\u00f6t\/nougatt\u00e5rta<\/li>\n<li>Fr\u00f6kn\u00e4cke<\/li>\n<li>Chiapudding<\/li>\n<li>Yoghurt med granola eller med frukt &amp; b\u00e4r<\/li>\n<\/ul>\n<p>[\/vc_column_text][\/vc_column_inner][\/vc_row_inner][\/vc_tta_section][vc_tta_section title=&#8221;Ej tillsatt LAKTOS&#8221; tab_id=&#8221;1570612877479-3890d0ea-a8bf&#8221; el_class=&#8221;.laktosfri&#8221;][vc_column_text]<\/p>\n<ul>\n<li>Rawpuck<\/li>\n<li>Princesst\u00e5rta (g\u00e5r att f\u00e5 laktosfri, best\u00e4lls\u00a0<strong>tv\u00e5 dagar innan<\/strong>)<\/li>\n<li>Charlottet\u00e5rta<\/li>\n<li>Vegan chokladt\u00e5rta<\/li>\n<li>Alla smoothies<\/li>\n<li>Yoghurt med frukt &amp; b\u00e4r\/ med granola<\/li>\n<\/ul>\n<p>[\/vc_column_text][\/vc_tta_section][vc_tta_section title=&#8221;Bakat utan n\u00f6tter&#8221; tab_id=&#8221;1570618410525-3b8ce6f0-5851&#8243;][vc_column_text]<\/p>\n<ul>\n<li>Citronmar\u00e4ngt\u00e5rta<\/li>\n<li>Kardemummabulle<\/li>\n<li>Kardemummal\u00e4ngd<\/li>\n<li>Croissant<\/li>\n<li>Vaniljbulle<\/li>\n<li>Mini wienerbr\u00f6d<\/li>\n<li>Sandkaka<\/li>\n<li>Charlottet\u00e5rta<\/li>\n<li>Kokostopp<\/li>\n<li>K\u00e4rleksmums<\/li>\n<li>Fr\u00f6kn\u00e4cke<\/li>\n<li>Yoghurt med granola\/med frukt &amp; b\u00e4r<\/li>\n<\/ul>\n<p>[\/vc_column_text][\/vc_tta_section][vc_tta_section title=&#8221;Mj\u00f6lkproteinfritt&#8221; tab_id=&#8221;1570628162346-b6e6ea6e-795c&#8221;][vc_row_inner][vc_column_inner][vc_column_text]<\/p>\n<ul>\n<li>Chiapudding med mandelmj\u00f6lk<\/li>\n<li>Rawpuck<\/li>\n<li>Fr\u00f6kn\u00e4cke<\/li>\n<li>Vegan chokladt\u00e5rta<\/li>\n<li>Glutenfri kanelbulle<\/li>\n<\/ul>\n<p>[\/vc_column_text][\/vc_column_inner][\/vc_row_inner][\/vc_tta_section][vc_tta_section title=&#8221;Bakat utan GLUTEN+LAKTOS+N\u00d6TTER&#8221; tab_id=&#8221;1570628288892-a5b029f6-d41b&#8221;][vc_column_text]<\/p>\n<ul>\n<li>Fr\u00f6kn\u00e4cke<\/li>\n<li>Fruktsallad<\/li>\n<li>Chiapudding<\/li>\n<li>Yoghurt med b\u00e4r\/med granola och \u00e4ppelkompott<\/li>\n<li>Smoothies<\/li>\n<\/ul>\n<p>[\/vc_column_text][\/vc_tta_section][vc_tta_section title=&#8221;Veganskt&#8221; tab_id=&#8221;1570628380536-247ae78e-f95c&#8221;][vc_column_text]<\/p>\n<ul>\n<li>Fr\u00f6kn\u00e4cke<\/li>\n<li>Fruktsallad<\/li>\n<li>Rawpuck<\/li>\n<li>Vegan kanelbulle<\/li>\n<li>Vegan chokladt\u00e5rta<\/li>\n<li>Smoothies utan yoghurt<\/li>\n<li>Chiapudding med v\u00e4xtbaserad mj\u00f6lk<\/li>\n<\/ul>\n<p>[\/vc_column_text][\/vc_tta_section][\/vc_tta_accordion][\/vc_column][\/vc_row][\/vc_section]<\/p>\n","protected":false},"excerpt":{"rendered":"<p>[vc_section][vc_row][vc_column][vc_column_text]Nedan finner du en lista \u00f6ver v\u00e5ra produkter med avvikelser! Observera att om ni \u00f6nskar att avvikelser packas och m\u00e4rks upp separat, s\u00e5 b\u00f6r ni informera oss i kommentarsf\u00e4ltet. Samtliga frallor och br\u00f6d, f\u00f6rutom valn\u00f6tsbr\u00f6det \u00e4r n\u00f6tfritt.[\/vc_column_text][\/vc_column][\/vc_row][vc_row][vc_column][vc_tta_accordion spacing=&#8221;3&#8243; gap=&#8221;2&#8243; active_section=&#8221;0&#8243; collapsible_all=&#8221;true&#8221;][vc_tta_section title=&#8221;Ej tillsatt GLUTEN&#8221; tab_id=&#8221;1570612877418-498bb712-656b&#8221;][vc_row_inner][vc_column_inner el_class=&#8221;.glutenfritt&#8221;][vc_column_text css_animation=&#8221;none&#8221; el_class=&#8221;.glutenfritt&#8221;] Biskvier N\u00f6ttopp Kokostopp Glutenfri kanelbulle Rawbar Hasseln\u00f6t\/nougatt\u00e5rta&#8230;  <a class=\"excerpt-read-more\" href=\"https:\/\/bythebakery.se\/index.php\/kostavvikelser\/\" title=\"Read Kostavvikelser\">Read more &raquo;<\/a><\/p>\n","protected":false},"author":1,"featured_media":0,"parent":0,"menu_order":0,"comment_status":"closed","ping_status":"closed","template":"","meta":{"footnotes":""},"_links":{"self":[{"href":"https:\/\/bythebakery.se\/index.php\/wp-json\/wp\/v2\/pages\/8084"}],"collection":[{"href":"https:\/\/bythebakery.se\/index.php\/wp-json\/wp\/v2\/pages"}],"about":[{"href":"https:\/\/bythebakery.se\/index.php\/wp-json\/wp\/v2\/types\/page"}],"author":[{"embeddable":true,"href":"https:\/\/bythebakery.se\/index.php\/wp-json\/wp\/v2\/users\/1"}],"replies":[{"embeddable":true,"href":"https:\/\/bythebakery.se\/index.php\/wp-json\/wp\/v2\/comments?post=8084"}],"version-history":[{"count":41,"href":"https:\/\/bythebakery.se\/index.php\/wp-json\/wp\/v2\/pages\/8084\/revisions"}],"predecessor-version":[{"id":14425,"href":"https:\/\/bythebakery.se\/index.php\/wp-json\/wp\/v2\/pages\/8084\/revisions\/14425"}],"wp:attachment":[{"href":"https:\/\/bythebakery.se\/index.php\/wp-json\/wp\/v2\/media?parent=8084"}],"curies":[{"name":"wp","href":"https:\/\/api.w.org\/{rel}","templated":true}]}}