{"id":603,"date":"2017-03-15T09:39:40","date_gmt":"2017-03-15T09:39:40","guid":{"rendered":"http:\/\/bythebakery.se\/?page_id=603"},"modified":"2019-03-25T14:02:57","modified_gmt":"2019-03-25T14:02:57","slug":"provpase","status":"publish","type":"page","link":"https:\/\/bythebakery.se\/index.php\/provpase\/","title":{"rendered":"Provp\u00e5se"},"content":{"rendered":"<p>Vi kommer ut till ditt f\u00f6retag och ber\u00e4ttar hur vi arbetar, st\u00e4mmer av era behov samt l\u00e5ter er f\u00e5 med en kostnadsfri provp\u00e5se d\u00e4r ni f\u00e5r testa blandade godsaker\u00a0ur v\u00e5rt sortiment etc. Provp\u00e5sen inneh\u00e5ller en f\u00e4rdig sm\u00f6rg\u00e5s, blandade bullar och bakverk.\u00a0By The Bakery\u00a0levererar allt med fri frakt till f\u00f6retag p\u00e5 best\u00e4llningar \u00f6ver 200:-\u00a0som sitter inom tullarna, Solna eller Kista.<\/p>\n<p>Provp\u00e5sen bjuder vi p\u00e5!<\/p>\n<p>Maila oss eller ring s\u00e5 kommer vi f\u00f6rbi.<\/p>\n<p>info@bythebakery.se<br \/>\n08-420 300 80<\/p>\n","protected":false},"excerpt":{"rendered":"<p>Vi kommer ut till ditt f\u00f6retag och ber\u00e4ttar hur vi arbetar, st\u00e4mmer av era behov samt l\u00e5ter er f\u00e5 med en kostnadsfri provp\u00e5se d\u00e4r ni f\u00e5r testa blandade godsaker\u00a0ur v\u00e5rt sortiment etc. Provp\u00e5sen inneh\u00e5ller en f\u00e4rdig sm\u00f6rg\u00e5s, blandade bullar och bakverk.\u00a0By The Bakery\u00a0levererar allt med fri frakt till f\u00f6retag p\u00e5 best\u00e4llningar \u00f6ver 200:-\u00a0som sitter inom&#8230;  <a class=\"excerpt-read-more\" href=\"https:\/\/bythebakery.se\/index.php\/provpase\/\" title=\"Read Provp\u00e5se\">Read more &raquo;<\/a><\/p>\n","protected":false},"author":1,"featured_media":0,"parent":0,"menu_order":0,"comment_status":"closed","ping_status":"closed","template":"","meta":{"footnotes":""},"_links":{"self":[{"href":"https:\/\/bythebakery.se\/index.php\/wp-json\/wp\/v2\/pages\/603"}],"collection":[{"href":"https:\/\/bythebakery.se\/index.php\/wp-json\/wp\/v2\/pages"}],"about":[{"href":"https:\/\/bythebakery.se\/index.php\/wp-json\/wp\/v2\/types\/page"}],"author":[{"embeddable":true,"href":"https:\/\/bythebakery.se\/index.php\/wp-json\/wp\/v2\/users\/1"}],"replies":[{"embeddable":true,"href":"https:\/\/bythebakery.se\/index.php\/wp-json\/wp\/v2\/comments?post=603"}],"version-history":[{"count":4,"href":"https:\/\/bythebakery.se\/index.php\/wp-json\/wp\/v2\/pages\/603\/revisions"}],"predecessor-version":[{"id":5542,"href":"https:\/\/bythebakery.se\/index.php\/wp-json\/wp\/v2\/pages\/603\/revisions\/5542"}],"wp:attachment":[{"href":"https:\/\/bythebakery.se\/index.php\/wp-json\/wp\/v2\/media?parent=603"}],"curies":[{"name":"wp","href":"https:\/\/api.w.org\/{rel}","templated":true}]}}