{"id":54,"date":"2016-12-09T09:53:45","date_gmt":"2016-12-09T09:53:45","guid":{"rendered":"http:\/\/marcusweiderstal.se\/dev\/company\/?page_id=54"},"modified":"2019-10-09T13:48:23","modified_gmt":"2019-10-09T13:48:23","slug":"fragor-och-svar","status":"publish","type":"page","link":"https:\/\/bythebakery.se\/index.php\/fragor-och-svar\/","title":{"rendered":"Fr\u00e5gor och svar"},"content":{"rendered":"<p>[vc_row][vc_column][vc_tta_accordion][vc_tta_section title=&#8221;Hur best\u00e4ller jag?&#8221; tab_id=&#8221;hur-bestaller-jag&#8221;][vc_column_text]V\u00e4lj produkterna p\u00e5 hemsidan genom att klicka p\u00e5 + tecknet. \u00d6nskar du flera av samma sort klickar du p\u00e5 + tecknet flera g\u00e5nger. N\u00e4r du har valt det du \u00f6nskar klicka p\u00e5 vidare i det rosa f\u00e4ltet. Ange leveransdatum och tid du \u00f6nskar f\u00e5 din best\u00e4llning levererad. \u00c4r detta din f\u00f6rsta best\u00e4llning p\u00e5 By The Bakery, klicka p\u00e5 Ny kund? och fyll i uppgifterna. Har du best\u00e4llt fr\u00e5n By The Bakery tidigare \u00e4r det bara att skriva in din mailadress.<br \/>\n\u00d6nskar du specialkost eller kommenterar, skriv in det kommentarsf\u00e4ltet.<br \/>\nN\u00e4r du \u00e4r klar med best\u00e4llningen f\u00e5r du ett bekr\u00e4ftelsemail.[\/vc_column_text][\/vc_tta_section][vc_tta_section title=&#8221;Hur g\u00f6r jag om jag m\u00e5ste \u00e4ndra min best\u00e4llning&#8221; tab_id=&#8221;andra-min-bestallning&#8221;][vc_column_text]M\u00e5ste du \u00f6ka eller minska antalet var god kontakta oss s\u00e5 snart som m\u00f6jligt p\u00e5 08- 420\u00a0300 80 s\u00e5 g\u00f6r vi v\u00e5rt b\u00e4sta f\u00f6r att ordna det.[\/vc_column_text][\/vc_tta_section][vc_tta_section title=&#8221;N\u00e4r kan jag senast l\u00e4gga en best\u00e4llning?&#8221; tab_id=&#8221;senast-lagga-bestallning&#8221;][vc_column_text]Allt br\u00f6d best\u00e4ller du tv\u00e5 dagar innan leveransdagen, detta p\u00e5 grund av j\u00e4sningstiden. Det \u00f6vriga sortimentet s\u00e5som fikabr\u00f6d, bakverk, frukost och smoothies g\u00e5r bra att best\u00e4lla f\u00f6re 14.00 dagen innan leverans.[\/vc_column_text][\/vc_tta_section][vc_tta_section title=&#8221;N\u00e4r levererar ni?&#8221; tab_id=&#8221;nar-levererar-ni&#8221;][vc_column_text]Vi levererar till ditt f\u00f6retag den tiden p\u00e5 dagen du \u00f6nskar.[\/vc_column_text][\/vc_tta_section][vc_tta_section title=&#8221;Var levererar ni?&#8221; tab_id=&#8221;var-levererar-ni&#8221;][vc_column_text]Vi levererar till f\u00f6retag i Stockholms innerstad samt till f\u00f6retag i Solna, Kista och Sundbyberg.[\/vc_column_text][\/vc_tta_section][vc_tta_section title=&#8221;Vad kostar leveransen?&#8221; tab_id=&#8221;vad-kostar-leveransen&#8221;][vc_column_text]Best\u00e4ller du f\u00f6r under 200kr \u00e4r fraktkostnaden 95kr. P\u00e5 best\u00e4llningar \u00f6var 200kr \u00e4r det fri frakt.[\/vc_column_text][\/vc_tta_section][vc_tta_section title=&#8221;Hur l\u00e5ng tid tar leveransen?&#8221; tab_id=&#8221;hur-lang-tid&#8221;][vc_column_text]Leveranstid inom 30-45 minuter om det g\u00e5r. Detta f\u00f6r att undvika f\u00f6rsening som beror p\u00e5 yttre faktorer s\u00e5som bilk\u00f6er och sn\u00f6.[\/vc_column_text][\/vc_tta_section][vc_tta_section title=&#8221;M\u00e5ste man best\u00e4lla f\u00f6r minst 200kr?&#8221; tab_id=&#8221;best\u00e4llningsgrans&#8221;][vc_column_text]Nej, du beh\u00f6ver inte best\u00e4lla f\u00f6r minst 200kr. Om du \u00f6nskar kan du endast best\u00e4lla en bulle f\u00f6r 25kr men d\u00e5 tillkommer\u00a0frakt p\u00e5 95kr.[\/vc_column_text][\/vc_tta_section][vc_tta_section title=&#8221;Vad g\u00f6r jag om jag \u00f6nskar best\u00e4lla specialkost?&#8221; tab_id=&#8221;specialkost&#8221;][vc_column_text]\u00d6nskar du best\u00e4lla glutenfritt, laktosfritt eller n\u00e5gon annan typ av specialkost kan du skriva in det i rutan <b>\u201dm\u00e4rk best\u00e4llning\/kommentar\u201d<\/b>. Tveka inte att ringa oss om du \u00e4r os\u00e4ker. <span style=\"text-decoration: underline;\"><a href=\"http:\/\/bythebakery.se\/index.php\/kostavvikelser\/\">Klicka h\u00e4r<\/a><\/span>\u00a0f\u00f6r att se v\u00e5ra produkter f\u00f6r specialkost.[\/vc_column_text][\/vc_tta_section][\/vc_tta_accordion][\/vc_column][\/vc_row]<\/p>\n","protected":false},"excerpt":{"rendered":"<p>[vc_row][vc_column][vc_tta_accordion][vc_tta_section title=&#8221;Hur best\u00e4ller jag?&#8221; tab_id=&#8221;hur-bestaller-jag&#8221;][vc_column_text]V\u00e4lj produkterna p\u00e5 hemsidan genom att klicka p\u00e5 + tecknet. \u00d6nskar du flera av samma sort klickar du p\u00e5 + tecknet flera g\u00e5nger. N\u00e4r du har valt det du \u00f6nskar klicka p\u00e5 vidare i det rosa f\u00e4ltet. Ange leveransdatum och tid du \u00f6nskar f\u00e5 din best\u00e4llning levererad. \u00c4r detta din f\u00f6rsta&#8230;  <a class=\"excerpt-read-more\" href=\"https:\/\/bythebakery.se\/index.php\/fragor-och-svar\/\" title=\"Read Fr\u00e5gor och svar\">Read more &raquo;<\/a><\/p>\n","protected":false},"author":1,"featured_media":0,"parent":0,"menu_order":0,"comment_status":"closed","ping_status":"closed","template":"","meta":{"footnotes":""},"_links":{"self":[{"href":"https:\/\/bythebakery.se\/index.php\/wp-json\/wp\/v2\/pages\/54"}],"collection":[{"href":"https:\/\/bythebakery.se\/index.php\/wp-json\/wp\/v2\/pages"}],"about":[{"href":"https:\/\/bythebakery.se\/index.php\/wp-json\/wp\/v2\/types\/page"}],"author":[{"embeddable":true,"href":"https:\/\/bythebakery.se\/index.php\/wp-json\/wp\/v2\/users\/1"}],"replies":[{"embeddable":true,"href":"https:\/\/bythebakery.se\/index.php\/wp-json\/wp\/v2\/comments?post=54"}],"version-history":[{"count":5,"href":"https:\/\/bythebakery.se\/index.php\/wp-json\/wp\/v2\/pages\/54\/revisions"}],"predecessor-version":[{"id":8159,"href":"https:\/\/bythebakery.se\/index.php\/wp-json\/wp\/v2\/pages\/54\/revisions\/8159"}],"wp:attachment":[{"href":"https:\/\/bythebakery.se\/index.php\/wp-json\/wp\/v2\/media?parent=54"}],"curies":[{"name":"wp","href":"https:\/\/api.w.org\/{rel}","templated":true}]}}