{"id":52,"date":"2016-12-09T09:46:00","date_gmt":"2016-12-09T09:46:00","guid":{"rendered":"http:\/\/marcusweiderstal.se\/dev\/company\/?page_id=52"},"modified":"2021-09-30T10:35:08","modified_gmt":"2021-09-30T10:35:08","slug":"kontakt","status":"publish","type":"page","link":"https:\/\/bythebakery.se\/index.php\/kontakt\/","title":{"rendered":"Kontakt"},"content":{"rendered":"<p>[vc_row][vc_column][vc_column_text]<\/p>\n<h2>Kontakt<\/h2>\n<p>[\/vc_column_text][vc_column_text]V\u00e4lkommen att kontakta oss p\u00e5 By The Bakery.<\/p>\n<p>Om du har fr\u00e5gor om leveranser, produkter, priser och press v\u00e4nligen ring eller maila.<\/p>\n<p>Sugen p\u00e5 att jobba p\u00e5 By The Bakery? Maila info@bythebakery.se<\/p>\n<p>By The Bakery Stockholm AB<br \/>\nUrv\u00e4dersgr\u00e4nd 11<br \/>\n116 46 Stockholm<\/p>\n<p>Organisationsnummer: 556942-9896<\/p>\n<p>Vardagar 7-17: 08- 420\u00a0300 80 eller\u00a0 info@bythebakery.se<\/p>\n<p>Kontakt:<\/p>\n<p>Anders Rask 070-259 39 45[\/vc_column_text][\/vc_column][\/vc_row]<\/p>\n","protected":false},"excerpt":{"rendered":"<p>[vc_row][vc_column][vc_column_text] Kontakt [\/vc_column_text][vc_column_text]V\u00e4lkommen att kontakta oss p\u00e5 By The Bakery. Om du har fr\u00e5gor om leveranser, produkter, priser och press v\u00e4nligen ring eller maila. Sugen p\u00e5 att jobba p\u00e5 By The Bakery? Maila info@bythebakery.se By The Bakery Stockholm AB Urv\u00e4dersgr\u00e4nd 11 116 46 Stockholm Organisationsnummer: 556942-9896 Vardagar 7-17: 08- 420\u00a0300 80 eller\u00a0 info@bythebakery.se Kontakt: Anders&#8230;  <a class=\"excerpt-read-more\" href=\"https:\/\/bythebakery.se\/index.php\/kontakt\/\" title=\"Read Kontakt\">Read more &raquo;<\/a><\/p>\n","protected":false},"author":1,"featured_media":0,"parent":0,"menu_order":0,"comment_status":"closed","ping_status":"closed","template":"","meta":{"footnotes":""},"_links":{"self":[{"href":"https:\/\/bythebakery.se\/index.php\/wp-json\/wp\/v2\/pages\/52"}],"collection":[{"href":"https:\/\/bythebakery.se\/index.php\/wp-json\/wp\/v2\/pages"}],"about":[{"href":"https:\/\/bythebakery.se\/index.php\/wp-json\/wp\/v2\/types\/page"}],"author":[{"embeddable":true,"href":"https:\/\/bythebakery.se\/index.php\/wp-json\/wp\/v2\/users\/1"}],"replies":[{"embeddable":true,"href":"https:\/\/bythebakery.se\/index.php\/wp-json\/wp\/v2\/comments?post=52"}],"version-history":[{"count":7,"href":"https:\/\/bythebakery.se\/index.php\/wp-json\/wp\/v2\/pages\/52\/revisions"}],"predecessor-version":[{"id":15592,"href":"https:\/\/bythebakery.se\/index.php\/wp-json\/wp\/v2\/pages\/52\/revisions\/15592"}],"wp:attachment":[{"href":"https:\/\/bythebakery.se\/index.php\/wp-json\/wp\/v2\/media?parent=52"}],"curies":[{"name":"wp","href":"https:\/\/api.w.org\/{rel}","templated":true}]}}