{"id":49,"date":"2016-12-09T09:45:14","date_gmt":"2016-12-09T09:45:14","guid":{"rendered":"http:\/\/marcusweiderstal.se\/dev\/company\/?page_id=49"},"modified":"2020-01-16T12:17:43","modified_gmt":"2020-01-16T12:17:43","slug":"villkor","status":"publish","type":"page","link":"https:\/\/bythebakery.se\/index.php\/villkor\/","title":{"rendered":"Villkor"},"content":{"rendered":"<p>[vc_row][vc_column][vc_column_text]<\/p>\n<h2>Villkor<\/h2>\n<p>[\/vc_column_text][vc_column_text]<b>Avbokningar:<\/b><\/p>\n<p>Vid avbokning av best\u00e4llning som g\u00f6rs senare \u00e4n 2 dagar innan planerad leverans har vi tyv\u00e4rr ingen m\u00f6jlighet att stoppa best\u00e4llda leveranser varf\u00f6r vi kommer att debitera dig f\u00f6r leveransen.<\/p>\n<p><b>Priser och Betalningss\u00e4tt:<\/b><\/p>\n<p>Priserna p\u00e5 hemsidan \u00e4r exklusive moms. Aktuella priser visas alltid p\u00e5 hemsidan och By The Bakery har r\u00e4tt att genomf\u00f6ra f\u00f6r\u00e4ndringar betr\u00e4ffande priserna.<\/p>\n<p>Fri frakt g\u00e4ller best\u00e4llningar \u00f6ver 200kr. Best\u00e4ller man f\u00f6r under 200kr, \u00e4r det en fraktkostnad p\u00e5 95kr.<\/p>\n<p>Fakturering sker i slutet p\u00e5 varje m\u00e5nad via mail, betalningsvillkor 14 dagar.<\/p>\n<p><b>Leveranser:<\/b><\/p>\n<p>By The Bakerys leveranser sker enligt f\u00f6rutbest\u00e4mda leveransdagar och tider. Vi har ingen skyldighet att ers\u00e4tta avbokad leverans. Vi ers\u00e4tter inte stulen leverans. Skulle dock detta intr\u00e4ffa ber vi er kontakta By The Bakery snarast m\u00f6jligt s\u00e5 ska vi g\u00f6ra vad vi kan f\u00f6r att du ska vara n\u00f6jd med oss.<\/p>\n<p>Vid of\u00f6rutsedda h\u00e4ndelser eller besv\u00e4rliga v\u00e4derf\u00f6rh\u00e5llanden kan best\u00e4llningen komma att levereras efter utsatt dig. Vid avl\u00e4mning g\u00e5r ansvaret f\u00f6r varorna \u00f6ver till dig som best\u00e4llare.<\/p>\n<p>Vid leverans anv\u00e4nder chauff\u00f6ren sig av de uppgifter som du som kund anm\u00e4lt till oss. Det \u00e4r viktigt att du h\u00e5ller dina leverans- och adressuppgifter som du angivit i best\u00e4llningen.<\/p>\n<p>Vill du \u00e4ndra n\u00e5gon uppgift som l\u00e4mnats vid best\u00e4llningen, till exempel postadress, mejladress, telefonnummer eller om du \u00f6nskar \u00e4ndra eller pausa din best\u00e4llning m\u00e5ste detta g\u00f6ras s\u00e5 snart som m\u00f6jligt f\u00f6re n\u00e4sta planerat leveransdatum. Kontakta oss d\u00e5 p\u00e5 telefon.<\/p>\n<p><b>Tvist:<\/b><\/p>\n<p>Vid eventuell tvist f\u00f6ljer By The Bakery Allm\u00e4nna Reklamationsn\u00e4mndens rekommendationer.<\/p>\n<p><strong>G\u00e4llande Allm\u00e4nna dataskyddsf\u00f6rordningen (GDPR)<\/strong><\/p>\n<p class=\"p4\"><span class=\"s1\">Som du kanske vet \u00e4r den Allm\u00e4nna dataskyddsf\u00f6rordningen eller GDPR en f\u00f6rordning i EU-lagstiftningen om dataskydd och integritet f\u00f6r alla individer inom Europeiska Unionen. F\u00f6r er som inte vet handlar GDPR om att hantera personuppgifter med respekt, transparens, f\u00f6rsiktighet och med laglig grund. Spara inte mer data \u00e4n n\u00f6dv\u00e4ndigt, inte l\u00e4ngre \u00e4n vad som beh\u00f6vs, g\u00f6r det med ett tydligt syfte och inom en best\u00e4md tidsgr\u00e4ns.\u00a0<\/span>\u00c4r<span class=\"s1\">\u00a0du \u00e4r en uppskattad samarbetspartner till By The Bakery vill vi informera dig om olika aspekter under den kommande GDPR-f\u00f6rordningen, som kan vara av intresse f\u00f6r dig:<\/span><\/p>\n<p class=\"p5\">\u00a0<span class=\"s1\"><strong>Vilka kategorier av personuppgifter f\u00f6r aff\u00e4rskontakter lagrar och behandlar By The Bakery?<br \/>\n<\/strong><\/span><\/p>\n<ul class=\"ul1\">\n<ul class=\"ul1\">\n<li class=\"li7\"><span class=\"s1\">Organisationsnummer<span class=\"Apple-converted-space\">\u00a0 <\/span>&#8211; Kontaktperson<\/span><\/li>\n<li class=\"li7\"><span class=\"s1\">F\u00f6retagsnamn &#8211; Telefonnummer <\/span><\/li>\n<li class=\"li7\"><span class=\"s1\">Fakturaadress &#8211; E-postadress<\/span><\/li>\n<li class=\"li7\"><span class=\"s1\">Leveransadress<\/span><\/li>\n<li class=\"li7\"><\/li>\n<\/ul>\n<\/ul>\n<p class=\"p5\">\u00a0<span class=\"s1\"><strong>Vilka p\u00e5 By the Bakery administrerar persondata f\u00f6r v\u00e5ra aff\u00e4rskontakter?<br \/>\n<\/strong><\/span><\/p>\n<ul class=\"ul1\">\n<li class=\"li7\"><span class=\"s1\">VD<\/span><\/li>\n<li class=\"li7\"><span class=\"s1\">S\u00e4ljare<\/span><\/li>\n<li class=\"li7\"><\/li>\n<\/ul>\n<p class=\"p8\"><span class=\"s1\"><strong>I vilket syfte behandlar By The Bakery personuppgifter?<br \/>\n<\/strong><\/span><\/p>\n<p class=\"p4\"><span class=\"s1\">Vi behandlar personuppgifterna f\u00f6r specifika och legitima aff\u00e4rs\u00e4ndam\u00e5l vilka inkluderar n\u00e5gra eller alla nedan villkor:<\/span><\/p>\n<ul class=\"ul1\">\n<li class=\"li7\"><span class=\"s1\">D\u00e4r behandlingen av personuppgifter g\u00f6r det m\u00f6jligt f\u00f6r oss att f\u00f6rb\u00e4ttra, modifiera, personifiera eller p\u00e5 annat s\u00e4tt f\u00f6rb\u00e4ttra v\u00e5ra tj\u00e4nster \/ kommunikation till gagn f\u00f6r v\u00e5ra samarbetspartners<\/span><\/li>\n<li class=\"li7\"><span class=\"s1\">Att identifiera och f\u00f6rebygga bedr\u00e4geri<\/span><\/li>\n<li class=\"li7\"><span class=\"s1\">F\u00f6r att f\u00f6rb\u00e4ttra s\u00e4kerheten f\u00f6r v\u00e5ra n\u00e4tverks- och informationssystem<\/span><\/li>\n<li class=\"li7\"><span class=\"s1\">F\u00f6r att b\u00e4ttre f\u00f6rst\u00e5 hur m\u00e4nniskor interagerar med v\u00e5ra webbplatser<\/span><\/li>\n<li class=\"li7\"><span class=\"s1\">Att tillhandah\u00e5lla kommunikation som vi tror kommer vara av intresse f\u00f6r dig<\/span><\/li>\n<li class=\"li7\"><span class=\"s1\">Att bed\u00f6ma effekten av kampanjer och reklam<\/span><\/li>\n<\/ul>\n<p class=\"p5\">\u00a0<span class=\"s1\">N\u00e4r By The Bakery behandlar data f\u00f6r dessa \u00e4ndam\u00e5l kommer vi se till att vi alltid visar h\u00e4nsyn och tillgodoser dina r\u00e4ttigheter. Du har r\u00e4tt att inv\u00e4nda mot denna behandling, v\u00e4nligen nyttja f\u00f6ljande kontaktinformation f\u00f6r att inv\u00e4nda: info@bythebakery.se. T\u00e4nk p\u00e5 att om du mots\u00e4tter dig behandlingen kan det p\u00e5verka v\u00e5r f\u00f6rm\u00e5ga att utf\u00f6ra uppgifterna ovan till din f\u00f6rdel.<\/span><\/p>\n<p class=\"p8\"><span class=\"s1\"><strong>Hur l\u00e4nge sparar By The Bakery personuppgifterna?<br \/>\n<\/strong><\/span><\/p>\n<p class=\"p4\"><span class=\"s1\">By The Bakery beh\u00e5ller personuppgifterna under hela aff\u00e4rsrelationen eller i som l\u00e4ngst 18 m\u00e5nader efter den sista aff\u00e4rskontakten f\u00f6rutsatt att ingen annan tvingande lagstiftning finns f\u00f6r fortsatt behandling.<\/span><\/p>\n<p class=\"p5\">\u00a0<span class=\"s1\"><strong>Kan jag korrigera eller begr\u00e4nsa behandlingen av mina personuppgifter?<br \/>\n<\/strong><\/span><\/p>\n<p class=\"p4\"><span class=\"s1\">N\u00e4r som helst kan du som samarbetspartner eller kund till By The Bakery korrigera de lagrade personuppgifterna, \u00f6verf\u00f6ra data till ett annat system, begr\u00e4nsa behandlingsniv\u00e5n eller ta bort data, s\u00e5 tillvida annan lagstiftning eller sk. ber\u00e4ttigat intresse inte f\u00f6religger. Ber\u00e4ttigat intresse skulle kunna vara behovet av att f\u00f6lja upp kvaliteten p\u00e5 levererade produkter e.dyl. Du har r\u00e4tt att g\u00f6ra inv\u00e4ndningar mot lagring och behandling av personuppgifterna eller f\u00e5 en kopia p\u00e5 de uppgifter vi har lagrat om dig.<\/span><\/p>\n<p>[\/vc_column_text][\/vc_column][\/vc_row]<\/p>\n","protected":false},"excerpt":{"rendered":"<p>[vc_row][vc_column][vc_column_text] Villkor [\/vc_column_text][vc_column_text]Avbokningar: Vid avbokning av best\u00e4llning som g\u00f6rs senare \u00e4n 2 dagar innan planerad leverans har vi tyv\u00e4rr ingen m\u00f6jlighet att stoppa best\u00e4llda leveranser varf\u00f6r vi kommer att debitera dig f\u00f6r leveransen. Priser och Betalningss\u00e4tt: Priserna p\u00e5 hemsidan \u00e4r exklusive moms. Aktuella priser visas alltid p\u00e5 hemsidan och By The Bakery har r\u00e4tt att&#8230;  <a class=\"excerpt-read-more\" href=\"https:\/\/bythebakery.se\/index.php\/villkor\/\" title=\"Read Villkor\">Read more &raquo;<\/a><\/p>\n","protected":false},"author":1,"featured_media":0,"parent":0,"menu_order":0,"comment_status":"closed","ping_status":"closed","template":"","meta":{"footnotes":""},"_links":{"self":[{"href":"https:\/\/bythebakery.se\/index.php\/wp-json\/wp\/v2\/pages\/49"}],"collection":[{"href":"https:\/\/bythebakery.se\/index.php\/wp-json\/wp\/v2\/pages"}],"about":[{"href":"https:\/\/bythebakery.se\/index.php\/wp-json\/wp\/v2\/types\/page"}],"author":[{"embeddable":true,"href":"https:\/\/bythebakery.se\/index.php\/wp-json\/wp\/v2\/users\/1"}],"replies":[{"embeddable":true,"href":"https:\/\/bythebakery.se\/index.php\/wp-json\/wp\/v2\/comments?post=49"}],"version-history":[{"count":7,"href":"https:\/\/bythebakery.se\/index.php\/wp-json\/wp\/v2\/pages\/49\/revisions"}],"predecessor-version":[{"id":10380,"href":"https:\/\/bythebakery.se\/index.php\/wp-json\/wp\/v2\/pages\/49\/revisions\/10380"}],"wp:attachment":[{"href":"https:\/\/bythebakery.se\/index.php\/wp-json\/wp\/v2\/media?parent=49"}],"curies":[{"name":"wp","href":"https:\/\/api.w.org\/{rel}","templated":true}]}}