{"id":44,"date":"2016-12-09T09:43:22","date_gmt":"2016-12-09T09:43:22","guid":{"rendered":"http:\/\/marcusweiderstal.se\/dev\/company\/?page_id=44"},"modified":"2016-12-09T09:44:24","modified_gmt":"2016-12-09T09:44:24","slug":"sa-handlar-du","status":"publish","type":"page","link":"https:\/\/bythebakery.se\/index.php\/sa-handlar-du\/","title":{"rendered":"S\u00e5 handlar du"},"content":{"rendered":"<p>[vc_row][vc_column][vc_column_text]<\/p>\n<h2>S\u00e5 handlar du<\/h2>\n<p>[\/vc_column_text][vc_column_text]V\u00e4lj att best\u00e4lla p\u00e5 By The Bakery genom att:<\/p>\n<p>Ringa: Kontakta oss p\u00e5 08- 420\u00a0300 80 s\u00e5 hj\u00e4lper vi dig och l\u00e4gger in din order direkt.<\/p>\n<p>Online: G\u00e5 in p\u00e5 www.bythebakery.se och v\u00e4lj det du \u00f6nskar best\u00e4lla. Ange sedan dag och leverans tid samt om du \u00f6nskar specialkost. Du f\u00e5r ett bekr\u00e4ftelsemail s\u00e5 snabbt vi f\u00e5tt in din best\u00e4llning.<\/p>\n<p>Mail: Maila oss din best\u00e4llning p\u00e5 order@bythebakery.se[\/vc_column_text][vc_column_text]<\/p>\n<h2>St\u00e5ende order?<\/h2>\n<p>[\/vc_column_text][vc_column_text]Kul! Maila oss d\u00e5 vad du \u00f6nskar f\u00e5 levererat till ditt kontor varje vecka samt vilka veckodagar och tid som passar. P\u00e5 det s\u00e4ttet f\u00e5r du leverans till ditt kontor varje vecka utan att du beh\u00f6ver g\u00f6ra n\u00e5got. \u00d6nskar du pausa en vecka eller g\u00f6ra \u00e4ndringar \u00e4r det bara att kontakta oss.[\/vc_column_text][\/vc_column][\/vc_row]<\/p>\n","protected":false},"excerpt":{"rendered":"<p>[vc_row][vc_column][vc_column_text] S\u00e5 handlar du [\/vc_column_text][vc_column_text]V\u00e4lj att best\u00e4lla p\u00e5 By The Bakery genom att: Ringa: Kontakta oss p\u00e5 08- 420\u00a0300 80 s\u00e5 hj\u00e4lper vi dig och l\u00e4gger in din order direkt. Online: G\u00e5 in p\u00e5 www.bythebakery.se och v\u00e4lj det du \u00f6nskar best\u00e4lla. Ange sedan dag och leverans tid samt om du \u00f6nskar specialkost. Du f\u00e5r ett&#8230;  <a class=\"excerpt-read-more\" href=\"https:\/\/bythebakery.se\/index.php\/sa-handlar-du\/\" title=\"Read S\u00e5 handlar du\">Read more &raquo;<\/a><\/p>\n","protected":false},"author":1,"featured_media":0,"parent":0,"menu_order":0,"comment_status":"closed","ping_status":"closed","template":"","meta":{"footnotes":""},"_links":{"self":[{"href":"https:\/\/bythebakery.se\/index.php\/wp-json\/wp\/v2\/pages\/44"}],"collection":[{"href":"https:\/\/bythebakery.se\/index.php\/wp-json\/wp\/v2\/pages"}],"about":[{"href":"https:\/\/bythebakery.se\/index.php\/wp-json\/wp\/v2\/types\/page"}],"author":[{"embeddable":true,"href":"https:\/\/bythebakery.se\/index.php\/wp-json\/wp\/v2\/users\/1"}],"replies":[{"embeddable":true,"href":"https:\/\/bythebakery.se\/index.php\/wp-json\/wp\/v2\/comments?post=44"}],"version-history":[{"count":3,"href":"https:\/\/bythebakery.se\/index.php\/wp-json\/wp\/v2\/pages\/44\/revisions"}],"predecessor-version":[{"id":48,"href":"https:\/\/bythebakery.se\/index.php\/wp-json\/wp\/v2\/pages\/44\/revisions\/48"}],"wp:attachment":[{"href":"https:\/\/bythebakery.se\/index.php\/wp-json\/wp\/v2\/media?parent=44"}],"curies":[{"name":"wp","href":"https:\/\/api.w.org\/{rel}","templated":true}]}}