{"id":245,"date":"2020-01-11T09:39:48","date_gmt":"2020-01-11T09:39:48","guid":{"rendered":"http:\/\/bythebakery.se\/?page_id=245"},"modified":"2023-11-17T07:37:46","modified_gmt":"2023-11-17T07:37:46","slug":"ledigatjanster","status":"publish","type":"page","link":"https:\/\/bythebakery.se\/index.php\/ledigatjanster\/","title":{"rendered":"Lediga tj\u00e4nster"},"content":{"rendered":"<p>[vc_row][vc_column][vc_column_text]<strong>\u00c4R DU EN TAGGAD, KUNDFOKUSERAD OCH MATGLAD S\u00c4LJARE? <\/strong><\/p>\n<p>2015 grundades By The Bakery med ambitionen att g\u00f6ra det s\u00e5 enkelt som m\u00f6jligt f\u00f6r f\u00f6retag att f\u00e5 tag p\u00e5 gott, ekologiskt och f\u00e4rskt br\u00f6d. By The Bakery erbjuder frukost och fika med fri leverans till f\u00f6retag i Stockholm.<\/p>\n<p><strong>Vi s\u00f6ker nu dig som \u00e4r redo att ta By The <\/strong><strong>Bakery<\/strong><strong> till nya h\u00f6jder!<\/strong><\/p>\n<p>Som aff\u00e4rss\u00e4ljare hos oss bidrar du till att etablera By The Bakery p\u00e5 nya arbetsplatser runt om i Stockholm. Du bearbetar nya f\u00f6retag och ansvarar helt f\u00f6r hela s\u00e4ljprocessen. N\u00f6jda kunder \u00e4r det b\u00e4sta vi vet och d\u00e4rf\u00f6r \u00e4r kundfokus bland det viktigaste f\u00f6r detta jobb! K\u00e4rnv\u00e4rden p\u00e5 By The Bakery \u00e4r kvalit\u00e9, service och ekologiskt.<\/p>\n<p>Du f\u00e5r m\u00f6jligheten att utveckla befintliga kunder och s\u00e4kerst\u00e4ller h\u00f6gsta kundn\u00f6jdhet. Vi s\u00f6ker d\u00e4rf\u00f6r dig som \u00e4r en god kommunikat\u00f6r, sj\u00e4lvst\u00e4ndig och lyh\u00f6rd f\u00f6r kundernas behov. Du b\u00f6r ha god f\u00f6rhandlingsvana och vara en lagspelare som har l\u00e4tt att samarbete med olika typer av m\u00e4nniskor.<\/p>\n<p>Extra glada blir vi om du har ett stort intresse f\u00f6r mat och har jobbat med liknande uppgifter tidigare.<\/p>\n<p>DETTA ERBJUDER VI DIG:<\/p>\n<ul>\n<li>En arbetsplats d\u00e4r du f\u00e5r vara med och p\u00e5verka allt ifr\u00e5n sortiment till dagens spotify lista<\/li>\n<li>Eget kundansvar<\/li>\n<li>Gofika flera g\u00e5nger i veckan<\/li>\n<li>H\u00f6gt i tak och sk\u00f6na kollegor!<\/li>\n<\/ul>\n<p>&nbsp;<\/p>\n<p>VI SER FRAM ATT H\u00d6RA FR\u00c5N DIG!<\/p>\n<p>CV och personligt brev till <a href=\"mailto:anders@bythebakery.se\" rel=\"noreferrer\">anders@bythebakery.se<\/a>[\/vc_column_text][\/vc_column][\/vc_row]<\/p>\n","protected":false},"excerpt":{"rendered":"<p>[vc_row][vc_column][vc_column_text]\u00c4R DU EN TAGGAD, KUNDFOKUSERAD OCH MATGLAD S\u00c4LJARE? 2015 grundades By The Bakery med ambitionen att g\u00f6ra det s\u00e5 enkelt som m\u00f6jligt f\u00f6r f\u00f6retag att f\u00e5 tag p\u00e5 gott, ekologiskt och f\u00e4rskt br\u00f6d. By The Bakery erbjuder frukost och fika med fri leverans till f\u00f6retag i Stockholm. Vi s\u00f6ker nu dig som \u00e4r redo att&#8230;  <a class=\"excerpt-read-more\" href=\"https:\/\/bythebakery.se\/index.php\/ledigatjanster\/\" title=\"Read Lediga tj\u00e4nster\">Read more &raquo;<\/a><\/p>\n","protected":false},"author":1,"featured_media":0,"parent":0,"menu_order":0,"comment_status":"closed","ping_status":"closed","template":"","meta":{"footnotes":""},"_links":{"self":[{"href":"https:\/\/bythebakery.se\/index.php\/wp-json\/wp\/v2\/pages\/245"}],"collection":[{"href":"https:\/\/bythebakery.se\/index.php\/wp-json\/wp\/v2\/pages"}],"about":[{"href":"https:\/\/bythebakery.se\/index.php\/wp-json\/wp\/v2\/types\/page"}],"author":[{"embeddable":true,"href":"https:\/\/bythebakery.se\/index.php\/wp-json\/wp\/v2\/users\/1"}],"replies":[{"embeddable":true,"href":"https:\/\/bythebakery.se\/index.php\/wp-json\/wp\/v2\/comments?post=245"}],"version-history":[{"count":10,"href":"https:\/\/bythebakery.se\/index.php\/wp-json\/wp\/v2\/pages\/245\/revisions"}],"predecessor-version":[{"id":3199,"href":"https:\/\/bythebakery.se\/index.php\/wp-json\/wp\/v2\/pages\/245\/revisions\/3199"}],"wp:attachment":[{"href":"https:\/\/bythebakery.se\/index.php\/wp-json\/wp\/v2\/media?parent=245"}],"curies":[{"name":"wp","href":"https:\/\/api.w.org\/{rel}","templated":true}]}}